{"id":2,"date":"2023-09-28T18:58:30","date_gmt":"2023-09-28T16:58:30","guid":{"rendered":"http:\/\/ecolefermee.ca\/?page_id=2"},"modified":"2023-09-29T00:07:41","modified_gmt":"2023-09-28T22:07:41","slug":"page-d-exemple","status":"publish","type":"page","link":"https:\/\/ecolefermee.ca\/","title":{"rendered":"Mon \u00e9cole au Qu\u00e9bec est-elle ferm\u00e9e ?"},"content":{"rendered":"\n<h2 class=\"wp-block-heading\">Fermeture en cas de temp\u00eate hivernale<\/h2>\n\n\n\n<p>L&#8217;hiver est une saison pleine de surprises, surtout au Qu\u00e9bec. Il arrive parfois que la m\u00e9t\u00e9o nous r\u00e9serve des temp\u00eates de neige ou des intemp\u00e9ries qui rendent les d\u00e9placements difficiles. Et m\u00eame parfois impossibles. Dans ces cas-l\u00e0, votre Centre de services scolaire peut \u00eatre ferm\u00e9 pour des raisons de s\u00e9curit\u00e9.<\/p>\n\n\n\n<p>Une pr\u00e9vision m\u00e9t\u00e9orologique annon\u00e7ant de la neige ne signifie pas pour autant automatiquement la fermeture des \u00e9tablissements scolaires. De nombreux crit\u00e8res sont \u00e9tudi\u00e9s avant d&#8217;annoncer la fermeture d&#8217;une \u00e9cole. Par exemple, la quantit\u00e9 de neige pr\u00e9vue, la dur\u00e9e des chutes et son accumulation. Mais aussi la force des vents, l&#8217;\u00e9tat des routes et des trottoirs. Ou encore la combinaison de conditions hivernales difficiles comme le verglas qui entra\u00eene de nombreux accidents.<\/p>\n\n\n\n<p>C&#8217;est par la suite, en accord avec les transporteurs scolaires, Environnement Canada et Transport Qu\u00e9bec que le Centre de services scolaire peut annoncer une \u00e9cole ferm\u00e9e ou l&#8217;ensemble des \u00e9tablissements sous sa juridiction. Cette d\u00e9cision n&#8217;est pas prise \u00e0 la l\u00e9g\u00e8re car elle a des r\u00e9percussions multiples sur l&#8217;\u00e9ducation et la s\u00e9curit\u00e9. A la fois pour les \u00e9l\u00e8ves mais aussi pour tout le corps professoral.<\/p>\n\n\n\n<p>A noter que m\u00eame si la m\u00e9t\u00e9o se d\u00e9grade en cours de journ\u00e9e, les d\u00e9cisions de fermer l&#8217;\u00e9cole sont relativement rares. L&#8217;id\u00e9e \u00e9tant de laisser le plus possible les \u00e9l\u00e8ves \u00e0 l&#8217;int\u00e9rieur par mesure de s\u00e9curit\u00e9.<\/p>\n\n\n\n<p>Bonnes pratiques : La d\u00e9cision du Centre de services scolaire ne refl\u00e8te pas toujours la r\u00e9alit\u00e9 locale. Si vous estimez que la situation dans votre secteur est trop dangereuse pour votre enfant, vous pouvez le garder \u00e0 la maison pour la journ\u00e9e. Vous devez n\u00e9anmoins prendre soin d&#8217;en d&#8217;aviser l&#8217;\u00e9cole. Pour rappel, l&#8217;absence pour cause de temp\u00eate ou de pluie gla\u00e7ante est tout \u00e0 fait justifi\u00e9e !<\/p>\n\n\n\n<h2 class=\"wp-block-heading\">\u00c9cole ferm\u00e9e en cas de force majeure<\/h2>\n\n\n\n<p>Lorsqu&#8217;un \u00e9v\u00e9nement impr\u00e9visible affecte le fonctionnement d&#8217;un \u00e9tablissement scolaire, vous serez directement inform\u00e9s de la situation et de la possibilit\u00e9 d&#8217;une fermeture de l&#8217;\u00e9cole par les employ\u00e9s du CSS. Les raisons peuvent \u00eatre diverses : coupure de courant, dysfonctionnement du chauffage, rupture de canalisation, &#8230; Pr\u00e9voyez avec votre enfant un lieu o\u00f9 ce dernier pourra se rendre dans cette hypoth\u00e8se.<\/p>\n\n\n\n<p>Si la fermeture intervient pendant la journ\u00e9e, le personnel des \u00e9coles tout comme le service de transport assureront la s\u00e9curit\u00e9 des \u00e9l\u00e8ves directement au sein de l&#8217;\u00e9tablissement.<\/p>\n\n\n<div class=\"wp-block-image is-style-rounded\">\n<figure class=\"aligncenter size-large is-resized\"><img decoding=\"async\" src=\"http:\/\/ecolefermee.ca\/wp-content\/uploads\/2023\/09\/ecole-fermee-1024x597.png\" alt=\"\u00e9cole ferm\u00e9e\" class=\"wp-image-20\" style=\"width:600px\" width=\"600\" srcset=\"https:\/\/ecolefermee.ca\/wp-content\/uploads\/2023\/09\/ecole-fermee-1024x597.png 1024w, https:\/\/ecolefermee.ca\/wp-content\/uploads\/2023\/09\/ecole-fermee-300x175.png 300w, https:\/\/ecolefermee.ca\/wp-content\/uploads\/2023\/09\/ecole-fermee-768x448.png 768w, https:\/\/ecolefermee.ca\/wp-content\/uploads\/2023\/09\/ecole-fermee.png 1200w\" sizes=\"(max-width: 1024px) 100vw, 1024px\" \/><\/figure>\n<\/div>\n\n\n<h2 class=\"wp-block-heading\">O\u00f9 trouver l\u2019information sur la fermeture d&#8217;un Centre de services scolaire au Qu\u00e9bec ?<\/h2>\n\n\n\n<p>Les Centres de services scolaire communiquent les fermetures d&#8217;\u00e9cole via diff\u00e9rentes plateformes. Cependant, il est impossible de garantir la diffusion de l\u2019information dans tous les m\u00e9dias. Tout comme l\u2019exactitude des informations diffus\u00e9es. Nous vous conseillons donc de consulter les sources d\u2019information officielles. A savoir, le site officiel du centre ou leurs r\u00e9seaux sociaux (Facebook et Twitter).<\/p>\n\n\n\n<p>Nous t\u00e2cherons d&#8217;afficher en temps r\u00e9el les informations pour vous accompagner le mieux possible.<\/p>\n\n\n\n<h3 class=\"wp-block-heading\">Liste des \u00e9coles ferm\u00e9es<\/h3>\n\n\n\n<p>Nous vous invitons \u00e0 consulter directement l&#8217;information sur votre Centre de services scolaire pour d\u00e9couvrir si votre \u00e9cole est ferm\u00e9e ou reste ouverte malgr\u00e9 les conditions actuelles.<\/p>\n\n\n\n<p>Exemple de message : &#8220;En raison des fortes pluies et des vents violents qui ont frapp\u00e9 la r\u00e9gion, l&#8217;\u00e9cole sera ferm\u00e9e jusqu&#8217;\u00e0 nouvel ordre. Nous vous prions de rester chez vous et de suivre les consignes de s\u00e9curit\u00e9 des autorit\u00e9s. Nous vous tiendrons inform\u00e9s de la situation et de la date de reprise des cours d\u00e8s que possible. Nous vous remercions de votre compr\u00e9hension et de votre coop\u00e9ration face \u00e0 cette situation exceptionnelle.&#8221;<\/p>\n","protected":false},"excerpt":{"rendered":"<p>Fermeture en cas de temp\u00eate hivernale L&#8217;hiver est une saison pleine de surprises, surtout au Qu\u00e9bec. Il arrive parfois que la m\u00e9t\u00e9o nous r\u00e9serve des temp\u00eates de neige ou des intemp\u00e9ries qui rendent les d\u00e9placements difficiles. Et m\u00eame parfois impossibles. Dans ces cas-l\u00e0, votre Centre de services scolaire peut \u00eatre ferm\u00e9 pour des raisons de &#8230; <a title=\"Mon \u00e9cole au Qu\u00e9bec est-elle ferm\u00e9e ?\" class=\"read-more\" href=\"https:\/\/ecolefermee.ca\/\" aria-label=\"More on Mon \u00e9cole au Qu\u00e9bec est-elle ferm\u00e9e ?\">Lire plus<\/a><\/p>\n","protected":false},"author":1,"featured_media":0,"parent":0,"menu_order":0,"comment_status":"closed","ping_status":"open","template":"","meta":{"footnotes":""},"class_list":["post-2","page","type-page","status-publish"],"_links":{"self":[{"href":"https:\/\/ecolefermee.ca\/index.php\/wp-json\/wp\/v2\/pages\/2","targetHints":{"allow":["GET"]}}],"collection":[{"href":"https:\/\/ecolefermee.ca\/index.php\/wp-json\/wp\/v2\/pages"}],"about":[{"href":"https:\/\/ecolefermee.ca\/index.php\/wp-json\/wp\/v2\/types\/page"}],"author":[{"embeddable":true,"href":"https:\/\/ecolefermee.ca\/index.php\/wp-json\/wp\/v2\/users\/1"}],"replies":[{"embeddable":true,"href":"https:\/\/ecolefermee.ca\/index.php\/wp-json\/wp\/v2\/comments?post=2"}],"version-history":[{"count":4,"href":"https:\/\/ecolefermee.ca\/index.php\/wp-json\/wp\/v2\/pages\/2\/revisions"}],"predecessor-version":[{"id":21,"href":"https:\/\/ecolefermee.ca\/index.php\/wp-json\/wp\/v2\/pages\/2\/revisions\/21"}],"wp:attachment":[{"href":"https:\/\/ecolefermee.ca\/index.php\/wp-json\/wp\/v2\/media?parent=2"}],"curies":[{"name":"wp","href":"https:\/\/api.w.org\/{rel}","templated":true}]}}